{"id":1422,"date":"2020-01-10T12:49:11","date_gmt":"2020-01-10T12:49:11","guid":{"rendered":"https:\/\/traveliciouskit.nl\/?post_type=product&#038;p=1422"},"modified":"2024-07-25T14:45:30","modified_gmt":"2024-07-25T14:45:30","slug":"travelicious-feeling-fresh-kit","status":"publish","type":"product","link":"https:\/\/traveliciouskit.nl\/index.php\/product\/travelicious-feeling-fresh-kit\/","title":{"rendered":"Travelicious Feeling Fresh kit"},"content":{"rendered":"<h4><strong>Travelicious Feeling Fresh kit<\/strong><\/h4>\n<p>Met de Travelicious Feeling Fresh kit voel je je weer helemaal fris en fruitig!<\/p>\n<p>In de Travelicious Feeling Fresh kit zit een Body bar en een Deodorant stick.<\/p>\n<p><strong>Een soepele en gezonde huid met een body bar<\/strong><\/p>\n<p>Het is verstandig om je huid een veerkracht en souplesse te geven met hydraterende bestanddelen. Wanneer je huidverzorgingsproduct ook bestanddelen bevat die de vorming van collageen- en elastinevezels bevorderen, mag je spreken van een optimaal onderhoudsproduct. De body bar helpt je om je huid zo gezond mogelijk te houden. Wrijf tijdens het douchen je huid in met een body bar en laat het even intrekken. Je huid voelt na een behandeling al snel schoon en verkwikt.<\/p>\n<p>\u2713 VEGAN<br \/>\n\u2713 CRUELTYFREE<\/p>\n<p><strong>Deodorant stick <\/strong><\/p>\n<p>De We Love\u00a0cr\u00e8medeodorant bestaat uit 100% natuurlijke ingredi\u00ebnten. Er zijn geen\u00a0synthetische stoffen en aluminium aan toegevoegd waardoor de deodorant niet schadelijk is voor je lichaam. Beter voor je lichaam \u00e9n de planeet!<\/p>\n<p>De natuurlijke ingredi\u00ebnten in onze deodorant werkt verzachtend en hydraterend. De zachte cr\u00e8me wordt snel opgenomen in je huid en verstopt de pori\u00ebn niet. Het helpt je fris te blijven op een\u00a0natuurlijke\u00a0manier!<\/p>\n<p><strong>De Werking<\/strong><br \/>\nElke deodorant heeft als basis een combinatie van onder andere bijenwas, kokosolie en maiszetmeelpoeder die de deodorant goed smeerbaar maken en je huid fluweel zacht. De ontgeurende werking komt van zuiveringszout, dat op natuurlijke wijze geurtjes neutraliseert. Iedere deodorant kent een eigen geur door de toevoeging van verschillende natuurlijke ingredi\u00ebnten.<\/p>\n<p><strong><em>Forever Fresh \u2013 Natuurlijke deodorant<\/em><\/strong><br \/>\nDe geur Forever Fresh kent een verfrissende geur van pure citrus fruitoli\u00ebn en kruiden.<\/p>\n<p><strong>Inhoud en gebruiksadvies<br \/>\n<\/strong>De deodorant heeft een inhoud van 65 gram, waar je bij dagelijks gebruik c.a. 2 tot 3 maanden mee kunt doen. Eenmaal daags een kleine hoeveelheid smeren is voldoende voor 24 uur frisheid. Transpireer je wat meer, of heb je een actieve dag? Smeer dan gerust extra; het is immers 100% natuurlijk!<\/p>\n<p>BESTEL JOUW <a href=\"https:\/\/traveliciouskit.nl\/index.php\/travelicious-feeling-fresh-kit\/\">T<\/a>RAVELICIOUS FEELING FRESH KIT VOOR \u20ac20,99!<\/p>\n<p>Samen zorgen wij voor de vermindering van de plastic soep!<br \/>\nHoe plasticvrij reis jij?<\/p>\n<p>Bestel jouw kit op www.Traveliciouskit.nl<strong>\u00a0<\/strong><\/p>\n<p>Ingredi\u00ebnten Travelicious Feeling Fresh kit:<\/p>\n<ul>\n<li><span><strong>Body Bar Meloen<\/strong>\u00a0\u2013<\/span>De Body Bar Meloen is rijk aan vitamine C en B. Deze vitaminen kunnen huidveroudering, onzuiverheden en pigmentvlekken tegengaan en helpen bij het gezond houden van je huid. De fruitextracten zorgen voor een heerlijke geur. De Body Bar Meloen heeft over het algemeen een hydraterende, verzorgende en kalmerende werking.<\/li>\n<li><strong>Ingredi\u00ebnten Body Bar<span>\u00a0<\/span><span>Meloen<\/span>:<\/strong><span>\u00a0<\/span>Sodium palmate, sodium palm kernelate, glycerin, aqua, trehalose, olea europaea (olive) fruit oil, butyrospermum parkii (shea butter), theobroma cacao (cocoa) seed butter, cucumis melo (melon) fruit extract, ci 77891, ci 11680, ci 74160<\/li>\n<li><span><strong>Body Bar Rozenblaadjes\u00a0<\/strong>\u2013<\/span>De Body Bar Rozenblaadjes bevat vitamine E. Vitamine E versterkt de barri\u00e8refunctie van je huid. Vitamine E is een antioxidant en beschermt je lichaam tegen vrije radicalen. Dit zijn agressieve stoffen die weefsels en cellen kunnen beschadigen. De Body Bar Rozenblaadjes hydrateert de huid en opent de pori\u00ebn. Door de heerlijke extracten van rozenblaadjes kom je in een rustgevende stemming.<\/li>\n<li><strong>Ingredi\u00ebnten Body Bar<span>\u00a0<\/span><span>Rozenblaadjes<\/span>:<\/strong><span>\u00a0Sodium palmate, sodium palm kernelate, glycerin, aqua, trehalose, olea europaea (olive) fruit oil, butyrospermum parkii (shea butter), theobroma cacao (cocoa) seed butter, rose extract, rose flower oil, ci 12490<\/span><\/li>\n<li><span><strong>Deodorant Stick<\/strong>\u00a0\u2013 De cr\u00e8medeodorant van We Love The Planet bestaat alleen uit 100% natuurlijke ingredi\u00ebnten en is biologisch gecertificeerd. Er zijn geen synthetische en huidbelastende ingredi\u00ebnten aan toegevoegd en de deodorant bevat geen aluminium. Hierdoor is de deodorant beter voor jouw huid en onze planeet.<\/span><\/li>\n<li><strong><em>Forever Fresh \u2013 Natuurlijke deodorant<\/em><\/strong><br \/>\n<span>De geur Forever Fresh kent een verfrissende geur van pure citrus fruitoli\u00ebn en kruiden.<\/span><\/li>\n<li><strong>Ingredi\u00ebnten d<span>eodorant Stick\u00a0<em>Forever Fresh\u00a0<\/em>\u2013<\/span><\/strong>\u00a0<span>Cocos Nucifera Oil*, Sodium Bicarbonate, Zea Mays Starch, Cera Alba, Caprylic\/Capric\u00a0<\/span><span>Triglyceride, Olea Europaea Fruit Oil, citrus limon fruit oil, limonene**, pogostemon cablin oil, tocopherol, helianthus annuus seed oil*, hypericum perforatum flower extract, citral**, linalool**, geraniol**<\/span><br \/>\n<span>* biological.<\/span><br \/>\n<span>** Component of essential oils<\/span><\/li>\n<li><strong><em>Sweet Serenity \u2013 Natuurlijke deodorant<\/em><\/strong><br \/>\n<span>Een subtiele geur van rozenolie met honing en zachte kruiden.<\/span><\/li>\n<li><strong>Ingredi\u00ebnten d<span>eodorant\u00a0<em>Sweet Serenity:\u00a0\u00a0<\/em><\/span><\/strong><span>Cocos Nucifera (Coconut) Oil*, Sodium Bicarbonate, Zea Mays (Corn) Starch, Cera Alba (Beeswax), Coco-Caprylate\/Caprate, Macadamia Seed Oil Polyglyceryl-6 Esters Behenate, Olea Europaea (Olive) Fruit Oil, (Natural) Parfum (Fragrance), Hypericum Perforatum Extract, Helianthus Annuus (Sunflower) Seed Oil*, Tocopherol, Linalool**<\/span><br \/>\n<span>* biological.<\/span><br \/>\n<span>** Component of essential oils<\/span><\/li>\n<li><\/li>\n<\/ul>\n","protected":false},"excerpt":{"rendered":"<p><span>Een kit met duurzame &amp; plasticvrije verzorgingsproducten!\u00a0<\/span><\/p>\n<p>Je krijgt het volgende in de Travelicious Feeling Fresh kit:<\/p>\n<ul>\n<li>Body bar naar keuze Meloen\/Rozenblaadjes.<\/li>\n<li>Een deodorant stick naar keuze Forever Fresh\/Sweet Serenity<\/li>\n<\/ul>\n<p>Kies hieronder welke Body Bar &amp; Deodorant stick jij in je kit wilt ontvangen!<\/p>\n","protected":false},"featured_media":1473,"comment_status":"open","ping_status":"closed","template":"","meta":[],"yoast_head":"<!-- This site is optimized with the Yoast SEO plugin v16.1.1 - https:\/\/yoast.com\/wordpress\/plugins\/seo\/ -->\n<title>De Travelicious Feeling Fresh kit. Plasticvrije deo en body bar<\/title>\n<meta name=\"description\" content=\"De Travelicious Feeling Fresh kit, duurzame en plasticvrije deo en body bar neem je mee op reis! Hoe plasticvrij reis jij? Samen reizen we duurzaam!\" \/>\n<link rel=\"canonical\" href=\"https:\/\/traveliciouskit.nl\/index.php\/product\/travelicious-feeling-fresh-kit\/\" \/>\n<meta property=\"og:locale\" content=\"nl_NL\" \/>\n<meta property=\"og:type\" content=\"article\" \/>\n<meta property=\"og:title\" content=\"De Travelicious Feeling Fresh kit. Plasticvrije deo en body bar\" \/>\n<meta property=\"og:description\" content=\"De Travelicious Feeling Fresh kit, duurzame en plasticvrije deo en body bar neem je mee op reis! Hoe plasticvrij reis jij? Samen reizen we duurzaam!\" \/>\n<meta property=\"og:url\" content=\"https:\/\/traveliciouskit.nl\/index.php\/product\/travelicious-feeling-fresh-kit\/\" \/>\n<meta property=\"og:site_name\" content=\"Traveliciouskit\" \/>\n<meta property=\"article:publisher\" content=\"https:\/\/www.facebook.com\/traveliciouskit.nl\" \/>\n<meta property=\"article:modified_time\" content=\"2024-07-25T14:45:30+00:00\" \/>\n<meta property=\"og:image\" content=\"https:\/\/traveliciouskit.nl\/wp-content\/uploads\/2020\/01\/Feelingfreshkit-1.jpg\" \/>\n\t<meta property=\"og:image:width\" content=\"4901\" \/>\n\t<meta property=\"og:image:height\" content=\"3267\" \/>\n<meta name=\"twitter:card\" content=\"summary_large_image\" \/>\n<meta name=\"twitter:label1\" content=\"Geschatte leestijd\">\n\t<meta name=\"twitter:data1\" content=\"4 minuten\">\n<script type=\"application\/ld+json\" class=\"yoast-schema-graph\">{\"@context\":\"https:\/\/schema.org\",\"@graph\":[{\"@type\":\"Organization\",\"@id\":\"https:\/\/traveliciouskit.nl\/#organization\",\"name\":\"Travelicious\",\"url\":\"https:\/\/traveliciouskit.nl\/\",\"sameAs\":[\"https:\/\/www.facebook.com\/traveliciouskit.nl\",\"https:\/\/www.instagram.com\/travelicious.nl\/?hl=nl\"],\"logo\":{\"@type\":\"ImageObject\",\"@id\":\"https:\/\/traveliciouskit.nl\/#logo\",\"inLanguage\":\"nl\",\"url\":\"https:\/\/traveliciouskit.nl\/wp-content\/uploads\/2019\/04\/bannersmall2.png\",\"contentUrl\":\"https:\/\/traveliciouskit.nl\/wp-content\/uploads\/2019\/04\/bannersmall2.png\",\"width\":1082,\"height\":608,\"caption\":\"Travelicious\"},\"image\":{\"@id\":\"https:\/\/traveliciouskit.nl\/#logo\"}},{\"@type\":\"WebSite\",\"@id\":\"https:\/\/traveliciouskit.nl\/#website\",\"url\":\"https:\/\/traveliciouskit.nl\/\",\"name\":\"Traveliciouskit\",\"description\":\"\",\"publisher\":{\"@id\":\"https:\/\/traveliciouskit.nl\/#organization\"},\"potentialAction\":[{\"@type\":\"SearchAction\",\"target\":\"https:\/\/traveliciouskit.nl\/?s={search_term_string}\",\"query-input\":\"required name=search_term_string\"}],\"inLanguage\":\"nl\"},{\"@type\":\"ImageObject\",\"@id\":\"https:\/\/traveliciouskit.nl\/index.php\/product\/travelicious-feeling-fresh-kit\/#primaryimage\",\"inLanguage\":\"nl\",\"url\":\"https:\/\/traveliciouskit.nl\/wp-content\/uploads\/2020\/01\/Feelingfreshkit-1.jpg\",\"contentUrl\":\"https:\/\/traveliciouskit.nl\/wp-content\/uploads\/2020\/01\/Feelingfreshkit-1.jpg\",\"width\":4901,\"height\":3267,\"caption\":\"Feeling Fresh kit - Body bae - Deo stick\"},{\"@type\":\"WebPage\",\"@id\":\"https:\/\/traveliciouskit.nl\/index.php\/product\/travelicious-feeling-fresh-kit\/#webpage\",\"url\":\"https:\/\/traveliciouskit.nl\/index.php\/product\/travelicious-feeling-fresh-kit\/\",\"name\":\"De Travelicious Feeling Fresh kit. Plasticvrije deo en body bar\",\"isPartOf\":{\"@id\":\"https:\/\/traveliciouskit.nl\/#website\"},\"primaryImageOfPage\":{\"@id\":\"https:\/\/traveliciouskit.nl\/index.php\/product\/travelicious-feeling-fresh-kit\/#primaryimage\"},\"datePublished\":\"2020-01-10T12:49:11+00:00\",\"dateModified\":\"2024-07-25T14:45:30+00:00\",\"description\":\"De Travelicious Feeling Fresh kit, duurzame en plasticvrije deo en body bar neem je mee op reis! Hoe plasticvrij reis jij? Samen reizen we duurzaam!\",\"breadcrumb\":{\"@id\":\"https:\/\/traveliciouskit.nl\/index.php\/product\/travelicious-feeling-fresh-kit\/#breadcrumb\"},\"inLanguage\":\"nl\",\"potentialAction\":[{\"@type\":\"ReadAction\",\"target\":[\"https:\/\/traveliciouskit.nl\/index.php\/product\/travelicious-feeling-fresh-kit\/\"]}]},{\"@type\":\"BreadcrumbList\",\"@id\":\"https:\/\/traveliciouskit.nl\/index.php\/product\/travelicious-feeling-fresh-kit\/#breadcrumb\",\"itemListElement\":[{\"@type\":\"ListItem\",\"position\":1,\"item\":{\"@type\":\"WebPage\",\"@id\":\"https:\/\/traveliciouskit.nl\/\",\"url\":\"https:\/\/traveliciouskit.nl\/\",\"name\":\"Home\"}},{\"@type\":\"ListItem\",\"position\":2,\"item\":{\"@type\":\"WebPage\",\"@id\":\"https:\/\/traveliciouskit.nl\/index.php\/winkel\/\",\"url\":\"https:\/\/traveliciouskit.nl\/index.php\/winkel\/\",\"name\":\"Winkel\"}},{\"@type\":\"ListItem\",\"position\":3,\"item\":{\"@type\":\"WebPage\",\"@id\":\"https:\/\/traveliciouskit.nl\/index.php\/product\/travelicious-feeling-fresh-kit\/\",\"url\":\"https:\/\/traveliciouskit.nl\/index.php\/product\/travelicious-feeling-fresh-kit\/\",\"name\":\"Travelicious Feeling Fresh kit\"}}]}]}<\/script>\n<!-- \/ Yoast SEO plugin. -->","_links":{"self":[{"href":"https:\/\/traveliciouskit.nl\/index.php\/wp-json\/wp\/v2\/product\/1422"}],"collection":[{"href":"https:\/\/traveliciouskit.nl\/index.php\/wp-json\/wp\/v2\/product"}],"about":[{"href":"https:\/\/traveliciouskit.nl\/index.php\/wp-json\/wp\/v2\/types\/product"}],"replies":[{"embeddable":true,"href":"https:\/\/traveliciouskit.nl\/index.php\/wp-json\/wp\/v2\/comments?post=1422"}],"wp:featuredmedia":[{"embeddable":true,"href":"https:\/\/traveliciouskit.nl\/index.php\/wp-json\/wp\/v2\/media\/1473"}],"wp:attachment":[{"href":"https:\/\/traveliciouskit.nl\/index.php\/wp-json\/wp\/v2\/media?parent=1422"}],"curies":[{"name":"wp","href":"https:\/\/api.w.org\/{rel}","templated":true}]}}